{"id":39,"date":"2010-07-10T18:34:26","date_gmt":"2010-07-10T18:34:26","guid":{"rendered":"http:\/\/animecronos.zobyhost.com\/blog\/?page_id=2"},"modified":"2020-03-06T23:31:23","modified_gmt":"2020-03-07T05:31:23","slug":"acerca-de","status":"publish","type":"page","link":"http:\/\/animecronos.com.mx\/blog\/acerca-de\/","title":{"rendered":"Acerca de"},"content":{"rendered":"<p>El Blog de Anime Cronos donde publico todos mi trabajos, criticas, estrenos, etc.<\/p>\n<p>1. \u00bfD\u00f3nde puedo descargar los trabajos de Anime Cronos Fansub?<\/p>\n<p>Lo \u00fanico que publico aqu\u00ed son los subt\u00edtulos, si quieres descargar el anime completo busca en Google, que es tu amigo.<\/p>\n<p>Anime Cronos en un fansub de una sola persona cuyo nombre c\u00f3digo es Taguma.<\/p>\n<p>&nbsp;<\/p>\n<p>Lista de trabajos que he hecho:<\/p>\n<p>ANIME:<\/p>\n<p><a href=\"index.php\/blog\/2016\/01\/alexander-senki\/\">Alexander Senki<\/a><\/p>\n<p>El Bar\u00f3n Rojo (audio doblaje solamente)<\/p>\n<p><a href=\"index.php\/blog\/2016\/01\/compiler\/\">Compiler<\/a><\/p>\n<p>Compiler 2<\/p>\n<p>Cybaster<\/p>\n<p>El Capit\u00e1n Harlock en Arcadia (audio doblaje Original)<\/p>\n<p>Chinmoku no Kantai<\/p>\n<p><a href=\"index.php\/blog\/2015\/04\/el-superman-de-las-galaxias\/\">Choujin Locke &#8211; Locke the Superman<\/a><\/p>\n<p><a href=\"index.php\/blog\/2015\/04\/proyecto-choujin-locke-lord-leon\/\">Choujin Locke &#8211; Lord Leon<\/a><\/p>\n<p>Choujin Locke &#8211; Shin Sekai Sentai<\/p>\n<p>Dirty Pair: Project Eden<\/p>\n<p>Dirty Pair: Flight 005 Conspiracy<\/p>\n<p><a href=\"index.php\/blog\/2016\/01\/eat-man\/\">Eat-Man<\/a><\/p>\n<p><a href=\"index.php\/blog\/2016\/01\/eat-man98\">Eat-Man&#8217;98<\/a><\/p>\n<p><a href=\"index.php\/blog\/2011\/04\/proyecto-genshou-joudan-ellcia\/\">Ellcia<\/a><\/p>\n<p><a href=\"index.php\/blog\/2012\/06\/mospeda-robotech-la-nueva-generacion\/\">Genesis Climber Mospeada (subs + audio Robotech Nueva Generaci\u00f3n)<\/a><\/p>\n<p>Genesis Climber Mospeada &#8211; Love Live Alive<\/p>\n<p>Graduation Sailor Victory<\/p>\n<p>Harlock Saga<\/p>\n<p><a href=\"index.php\/blog\/2014\/12\/609\/\">Heat Guy J<\/a><\/p>\n<p>Hokuto No Ken: The Movie<\/p>\n<p>Kujira no Chouyaku<\/p>\n<p><a href=\"index.php\/blog\/2013\/12\/rayearh-33-ova\/\">Mahou Kishi Rayearth OVA<\/a><\/p>\n<p><a href=\"index.php\/blog\/2013\/12\/super-dimensional-century-orguss-2\/\">Orguss 2<\/a><\/p>\n<p><a href=\"index.php\/blog\/2010\/11\/proyeco-power-dolls\/\">Power Dolls<\/a><\/p>\n<p><a href=\"index.php\/blog\/2014\/03\/robotech-remasterizado-doblaje-1980s-v2\/\">Robotech Remasterizado + Audio 1980s (s\u00f3lo audios)<\/a><\/p>\n<p><a href=\"index.php\/blog\/2016\/01\/seishoujo-kantai-virgin-fleet\/\">Seishoujo no Kantai<\/a><\/p>\n<p><a href=\"index.php\/blog\/2014\/11\/slam-dunk-peliculas\/\">Slam Dunk Pel\u00edculas (1 al 4)<\/a><\/p>\n<p>Suikoden Demon Century<\/p>\n<p><a href=\"index.php\/blog\/2014\/01\/sukeban-deka-ova\/\">Sukeban Deka<\/a><\/p>\n<p><a href=\"index.php\/blog\/2012\/07\/southern-cross-los-maestros-de-la-robotechnia\/\">Super Dimension Cavalry Southern Cross (Audio Los Maestros de la Robotechnia)<\/a><\/p>\n<p>Super Milk Chan<\/p>\n<p>UFO Robo Grendinzer (Proyecto inconcluso y audios del Mazin-team)<\/p>\n<p>Vampire Hunter D<\/p>\n<p>Vampire Hunter D Bloodlust<\/p>\n<p><a href=\"index.php\/blog\/2010\/11\/proyecto-yakumo-tatsu\/\">Yakumo Tatsu<\/a><\/p>\n<p>&nbsp;<\/p>\n<p>MANGA:<\/p>\n<p>T-Moon Complex X (tomos 1 al 7)<\/p>\n","protected":false},"excerpt":{"rendered":"<p>El Blog de Anime Cronos donde publico todos mi trabajos, criticas, estrenos, etc. 1. \u00bfD\u00f3nde puedo descargar los trabajos de Anime Cronos Fansub? Lo \u00fanico que publico aqu\u00ed son los subt\u00edtulos, si quieres descargar el anime completo busca en Google, que es tu amigo. Anime Cronos en un fansub de una sola persona cuyo nombre &hellip; <a href=\"http:\/\/animecronos.com.mx\/blog\/acerca-de\/\" class=\"more-link\">Seguir leyendo <span class=\"screen-reader-text\">Acerca de<\/span> <span class=\"meta-nav\">&rarr;<\/span><\/a><\/p>\n","protected":false},"author":1,"featured_media":0,"parent":0,"menu_order":0,"comment_status":"open","ping_status":"open","template":"","meta":{"footnotes":""},"_links":{"self":[{"href":"http:\/\/animecronos.com.mx\/blog\/wp-json\/wp\/v2\/pages\/39"}],"collection":[{"href":"http:\/\/animecronos.com.mx\/blog\/wp-json\/wp\/v2\/pages"}],"about":[{"href":"http:\/\/animecronos.com.mx\/blog\/wp-json\/wp\/v2\/types\/page"}],"author":[{"embeddable":true,"href":"http:\/\/animecronos.com.mx\/blog\/wp-json\/wp\/v2\/users\/1"}],"replies":[{"embeddable":true,"href":"http:\/\/animecronos.com.mx\/blog\/wp-json\/wp\/v2\/comments?post=39"}],"version-history":[{"count":30,"href":"http:\/\/animecronos.com.mx\/blog\/wp-json\/wp\/v2\/pages\/39\/revisions"}],"predecessor-version":[{"id":1105,"href":"http:\/\/animecronos.com.mx\/blog\/wp-json\/wp\/v2\/pages\/39\/revisions\/1105"}],"wp:attachment":[{"href":"http:\/\/animecronos.com.mx\/blog\/wp-json\/wp\/v2\/media?parent=39"}],"curies":[{"name":"wp","href":"https:\/\/api.w.org\/{rel}","templated":true}]}}